{"id":2222,"date":"2025-02-03T14:59:49","date_gmt":"2025-02-03T13:59:49","guid":{"rendered":"https:\/\/cbadvocats.com\/politica-de-cookies\/"},"modified":"2025-02-27T15:52:18","modified_gmt":"2025-02-27T14:52:18","slug":"politica-de-cookies","status":"publish","type":"page","link":"https:\/\/cbadvocats.com\/ca\/politica-de-cookies\/","title":{"rendered":"Pol\u00edtica de cookies"},"content":{"rendered":"&#13;\n<h1 id='pol\u00edtica-de-cookies'  id=\"boomdevs_1\" class=\"wp-block-heading\">POL\u00cdTICA DE COOKIES<\/h1>&#13;\n<p>En <strong>cbadvocats.com<\/strong>\u00a0recopilo y utilizo la informaci\u00f3n seg\u00fan indico en mi\u00a0<a href=\"https:\/\/cbadvocats.com\/politica-privacidad\/\" target=\"_blank\" rel=\"noopener\"><strong>Pol\u00edtica de Privacidad<\/strong><\/a>. Una de las formas en las que recopilo estos datos es a trav\u00e9s del uso de la tecnolog\u00eda llamada \u201cCookies\u201d. En cumplimiento con lo dispuesto en el\u00a0<strong><a href=\"https:\/\/www.boe.es\/buscar\/pdf\/2002\/BOE-A-2002-13758-consolidado.pdf\" target=\"_blank\" rel=\"noopener\">art\u00edculo 22.2 de la Ley 34\/2002 de Servicios de la Sociedad de la Informaci\u00f3n y Comercio Electr\u00f3nico<\/a><\/strong>, al continuar con tu navegaci\u00f3n est\u00e1s prestando tu consentimiento para la recogida y tratamiento de estas cookies. Por ello, es importante que leas esta Pol\u00edtica de Cookies y que comprendas que si sigues navegando considerar\u00e9 que aceptas su uso.<\/p>&#13;\n<ol>&#13;\n<li>&#13;\n<h2 id='qu\u00e8-s\u00f3n-les-galetes'  id=\"boomdevs_2\">Qu\u00e8 s\u00f3n les galetes?<\/h2>&#13;\n<\/li>&#13;\n<\/ol>&#13;\n<p>Una cookie es un fichero que se descarga en su ordenador al\u00a0acceder a determinadas p\u00e1ginas web. Las cookies permiten a una p\u00e1gina web,\u00a0entre otras cosas, almacenar y recuperar informaci\u00f3n sobre los h\u00e1bitos de\u00a0navegaci\u00f3n de un usuario o de su equipo y, dependiendo de la informaci\u00f3n que\u00a0contengan y de la forma en que utilice su equipo, pueden utilizarse para\u00a0reconocer al usuario.<\/p>&#13;\n<ol start=\"2\">&#13;\n<li>&#13;\n<h2 id='quins-tipus-de-galetes-utilitza-aquest-lloc-web'  id=\"boomdevs_3\">Quins tipus de galetes utilitza aquest lloc web?<\/h2>&#13;\n<\/li>&#13;\n<\/ol>&#13;\n<p><strong>Cbadvocats.com<\/strong> utiliza los siguientes tipos de cookies:<\/p>&#13;\n<ul>&#13;\n<li><strong>Cookies de an\u00e1lisis<\/strong>: Son aqu\u00e9llas que bien tratadas por nosotros o por\u00a0terceros, nos permiten cuantificar el n\u00famero de usuarios y as\u00ed realizar la\u00a0medici\u00f3n y an\u00e1lisis estad\u00edstico de la utilizaci\u00f3n que hacen los usuarios del\u00a0servicio ofertado. Para ello se analiza su navegaci\u00f3n en nuestra p\u00e1gina web\u00a0con el fin de mejorar la oferta de productos o servicios que le ofrecemos.<\/li>&#13;\n<li><strong>Cookies t\u00e9cnicas<\/strong>: Son aquellas que permiten al usuario la navegaci\u00f3n a trav\u00e9s del \u00e1rea restringida y la utilizaci\u00f3n de sus diferentes funciones, como por ejemplo, llevar a cambio el proceso de compra de un art\u00edculo.<\/li>&#13;\n<li><strong>Cookies de personalizaci\u00f3n<\/strong>: Son aquellas que permiten al usuario acceder al servicio con algunas caracter\u00edsticas de car\u00e1cter general predefinidas en funci\u00f3n de una serie de criterios en el terminal del usuario como por ejemplo serian el idioma o el tipo de navegador a trav\u00e9s del cual se conecta al servicio.<\/li>&#13;\n<li><strong>Cookies publicitarias<\/strong>: Son aqu\u00e9llas que, bien tratadas por esta web\u00a0o por\u00a0terceros, permiten gestionar de la forma m\u00e1s eficaz posible la oferta de\u00a0los espacios publicitarios que hay en la p\u00e1gina web, adecuando el contenido\u00a0del anuncio al contenido del servicio solicitado o al uso que realice de nuestra\u00a0p\u00e1gina web. Para ello podemos analizar sus h\u00e1bitos de navegaci\u00f3n en Internet\u00a0y podemos mostrarle publicidad relacionada con su perfil de navegaci\u00f3n.<\/li>&#13;\n<li><strong>Cookies de publicidad comportamental<\/strong>: Son aquellas que permiten la gesti\u00f3n, de la forma m\u00e1s eficaz posible, de los espacios publicitarios que, en su caso, el editor haya incluido en una p\u00e1gina web, aplicaci\u00f3n o plataforma desde la que presta el servicio solicitado. Este tipo de cookies almacenan informaci\u00f3n del comportamiento de los visitantes\u00a0obtenida a trav\u00e9s de la observaci\u00f3n continuada de sus h\u00e1bitos de navegaci\u00f3n, lo que permite desarrollar un perfil espec\u00edfico para mostrar avisos publicitarios\u00a0en funci\u00f3n del mismo.<\/li>&#13;\n<\/ul>&#13;\n<table width=\"1080\">&#13;\n<tbody>&#13;\n<tr>&#13;\n<td width=\"202\"><strong>Nombre<\/strong><\/td>&#13;\n<td width=\"294\"><strong>Tipo<\/strong><\/td>&#13;\n<td width=\"159\"><strong>Caducidad<\/strong><\/td>&#13;\n<td width=\"425\"><strong>Finalidad<\/strong><\/td>&#13;\n<\/tr>&#13;\n<tr>&#13;\n<td width=\"202\"><strong>moove_gdpr_popup<\/strong><\/td>&#13;\n<td width=\"294\">Propia T\u00e9cnica<\/td>&#13;\n<td width=\"159\">Sesi\u00f3n<\/td>&#13;\n<td width=\"425\">Cookies de uso interno necesaria para el funcionamiento de la visualizaci\u00f3n de la pol\u00edtica de cookies de la web.<\/td>&#13;\n<\/tr>&#13;\n<tr>&#13;\n<td width=\"202\"><strong>_ga<\/strong><\/td>&#13;\n<td width=\"294\">Anal\u00edtica \u2013 De terceros: Google Analytics M\u00e1s informaci\u00f3n\u00a0<a href=\"https:\/\/developers.google.com\/analytics\/devguides\/collection\/analyticsjs\/cookie-usage?hl=es\" target=\"_blank\" rel=\"noopener\">aqu\u00ed<\/a><\/td>&#13;\n<td width=\"159\">2 a\u00f1os<\/td>&#13;\n<td width=\"425\">Se usa para controlar los visitantes \u00fanicos de la web, almacena un identificador de cliente \u00fanico. Adicionalmente, esta cookie proporciona un identificador \u00fanico que Google Analytics utiliza para asegurar la validez y la accesibilidad de la cookie, as\u00ed como una medida de seguridad extra.<\/td>&#13;\n<\/tr>&#13;\n<tr>&#13;\n<td width=\"202\"><strong>_gat<\/strong><\/td>&#13;\n<td width=\"294\">Anal\u00edtica \u2013 De Terceros: Google \u00a0Analytics M\u00e1s informaci\u00f3n\u00a0<a href=\"https:\/\/developers.google.com\/analytics\/devguides\/collection\/analyticsjs\/cookie-usage?hl=es\" target=\"_blank\" rel=\"noopener\">aqu\u00ed<\/a><\/td>&#13;\n<td width=\"159\">10 minutos<\/td>&#13;\n<td width=\"425\">Se usa para diferenciar entre los diferentes objetos de seguimiento creados en la sesi\u00f3n.<\/td>&#13;\n<\/tr>&#13;\n<tr>&#13;\n<td width=\"202\"><strong>_gid<\/strong><\/td>&#13;\n<td width=\"294\">Anal\u00edtica \u2013 De terceros: Google Analytics M\u00e1s informaci\u00f3n\u00a0<a href=\"https:\/\/developers.google.com\/analytics\/devguides\/collection\/analyticsjs\/cookie-usage?hl=es\" target=\"_blank\" rel=\"noopener\">aqu\u00ed<\/a><\/td>&#13;\n<td width=\"159\">24 horas<\/td>&#13;\n<td width=\"425\">Se usa para distinguir a los usuarios<\/td>&#13;\n<\/tr>&#13;\n<tr>&#13;\n<td width=\"202\"><strong>_gcl_au<\/strong><\/td>&#13;\n<td width=\"294\">Publicidad \u2013\u00a0Utilizada por Google AdSense.<\/td>&#13;\n<td width=\"159\">3 meses<\/td>&#13;\n<td width=\"425\">HTTP Cookie que se usa\u00a0para experimentar con la eficiencia publicitaria a trav\u00e9s de las webs usando sus servicios.<\/td>&#13;\n<\/tr>&#13;\n<\/tbody>&#13;\n<\/table>&#13;\n<p>Puedes configurar las cookies de este sitio web a trav\u00e9s de\u00a0<a href=\"https:\/\/www.persuadiendo.com\/politica-cookies\/#gdpr_cookie_modal\" target=\"_blank\" rel=\"noopener\">este cuadro<\/a>.<\/p>&#13;\n<ol start=\"3\">&#13;\n<li>&#13;\n<h2 id='desactivar-les-galetes'  id=\"boomdevs_4\">Desactivar les galetes<\/h2>&#13;\n<\/li>&#13;\n<\/ol>&#13;\n<p>Como usuario puedes\u00a0<strong>permitir, bloquear o eliminar las cookies<\/strong>\u00a0instaladas en tu equipo\u00a0mediante la configuraci\u00f3n de las opciones del navegador instalado en tu\u00a0ordenador. En la mayor\u00eda de los navegadores web se ofrece la posibilidad de permitir, bloquear o eliminar las cookies instaladas en tu equipo. A continuaci\u00f3n puedes acceder a la configuraci\u00f3n de los navegadores webs m\u00e1s frecuentes para aceptar, instalar o desactivar las cookies:<\/p>&#13;\n<ul>&#13;\n<li><a href=\"https:\/\/support.google.com\/chrome\/answer\/95647?hl=es\" target=\"_blank\" rel=\"noopener\">Configurar cookies en Google Chrome<\/a><\/li>&#13;\n<li><a href=\"http:\/\/windows.microsoft.com\/es-es\/windows7\/how-to-manage-cookies-in-internet-explorer-9\" target=\"_blank\" rel=\"noopener\">Configurar cookies en Microsoft Internet Explorer<\/a><\/li>&#13;\n<li><a href=\"https:\/\/support.mozilla.org\/es\/kb\/habilitar-y-deshabilitar-cookies-sitios-web-rastrear-preferencias?redirectlocale=es&amp;redirectslug=habilitar-y-deshabilitar-cookies-que-los-sitios-we\" target=\"_blank\" rel=\"noopener\">Configurar cookies en Mozilla Firefox<\/a><\/li>&#13;\n<li><a href=\"https:\/\/support.apple.com\/es-es\/HT201265\" target=\"_blank\" rel=\"noopener\">Configurar cookies en Safari (Apple)<\/a><\/li>&#13;\n<\/ul>&#13;\n<ol start=\"4\">&#13;\n<li>&#13;\n<h2 id='galetes-de-tercers'  id=\"boomdevs_5\">Galetes de tercers<\/h2>&#13;\n<\/li>&#13;\n<\/ol>&#13;\n<p><strong>Cbadvocats.com<\/strong> utiliza servicios de terceros para recopilar informaci\u00f3n con fines estad\u00edsticos y de uso de la web, y para la prestacion de otros servicios relacionados con la actividad del Website y otros servicios de Internet. En particular, <strong>cbadvocats.com<\/strong> utiliza Google Analytics, un servicio anal\u00edtico de web prestado por Google, Inc. con domicilio en los Estados Unidos con sede central en 1600 Amphitheatre Parkway, Mountain View, California 94043.\u00a0 Para la prestaci\u00f3n de estos servicios, estos\u00a0utilizan cookies que recopilan la informaci\u00f3n, incluida la direcci\u00f3n IP del usuario, que ser\u00e1\u00a0transmitida, tratada y almacenada por\u00a0Google\u00a0en los t\u00e9rminos fijados en la Web Google.com. Incluyendo la posible\u00a0transmisi\u00f3n de dicha informaci\u00f3n a terceros por razones de exigencia legal o cuando dichos terceros\u00a0procesen la informaci\u00f3n por cuenta de Google. Adem\u00e1s, <strong>cbadvocats.com<\/strong>\u00a0incluye otras funcionalidades proporcionadas por terceros. Informar que el usuario puede f\u00e1cilmente compartir el contenido en redes sociales como Facebook o Twitter, con los botones que hemos incluido a tal efecto.<\/p>&#13;\n<ol start=\"5\">&#13;\n<li>&#13;\n<h2 id='advert\u00e8ncia-sobre-eliminar-cookies'  id=\"boomdevs_6\">Advert\u00e8ncia sobre eliminar cookies<\/h2>&#13;\n<\/li>&#13;\n<\/ol>&#13;\n<p>El usuario puede eliminar y bloquear todas las cookies de este sitio, pero parte del sitio no funcionar\u00e1 o la calidad de la p\u00e1gina web puede verse afectada. Si tienes cualquier duda acerca de mi pol\u00edtica de cookies, puedes contactarme a trav\u00e9s de <a href=\"mailto:info@cbadvocats.com\">info@cbadvocats.com<\/a><\/p>&#13;\n<ol start=\"6\">&#13;\n<li>&#13;\n<h2 id='contacte'  id=\"boomdevs_7\">Contacte<\/h2>&#13;\n<\/li>&#13;\n<\/ol>&#13;\n<p>En caso de que un usuario o visitante de <strong>cbadvocats.com\u00a0<\/strong>tenga cualquier tipo de consulta sobre mi Pol\u00edtica de Cookies, puede contactarme a trav\u00e9s de <a href=\"mailto:info@cbadvocats.com\">info@cbadvocats.com<\/a><a href=\"mailto:rgpd@persuadiendo.com\"><strong>\u00a0<\/strong><\/a>y lo atender\u00e9\u00a0lo antes posible. <strong>\u00daltima actualizaci\u00f3n: 31-07-2021<\/strong> \u00a0<\/p>","protected":false},"excerpt":{"rendered":"<p>&#13; POL\u00cdTICA DE COOKIES &#13; En cbadvocats.com\u00a0recopilo y utilizo la informaci\u00f3n seg\u00fan indico en mi\u00a0Pol\u00edtica de Privacidad. Una de las formas en las que recopilo estos datos es a trav\u00e9s del uso de la tecnolog\u00eda llamada \u201cCookies\u201d. En cumplimiento con lo dispuesto en el\u00a0art\u00edculo 22.2 de la Ley 34\/2002 de Servicios de la Sociedad de [&hellip;]<\/p>\n","protected":false},"author":1,"featured_media":0,"parent":0,"menu_order":0,"comment_status":"closed","ping_status":"closed","template":"","meta":{"site-sidebar-layout":"default","site-content-layout":"","ast-site-content-layout":"default","site-content-style":"default","site-sidebar-style":"default","ast-global-header-display":"","ast-banner-title-visibility":"","ast-main-header-display":"","ast-hfb-above-header-display":"","ast-hfb-below-header-display":"","ast-hfb-mobile-header-display":"","site-post-title":"disabled","ast-breadcrumbs-content":"","ast-featured-img":"","footer-sml-layout":"","theme-transparent-header-meta":"default","adv-header-id-meta":"","stick-header-meta":"default","header-above-stick-meta":"","header-main-stick-meta":"","header-below-stick-meta":"","astra-migrate-meta-layouts":"default","ast-page-background-enabled":"default","ast-page-background-meta":{"desktop":{"background-color":"","background-image":"","background-repeat":"repeat","background-position":"center center","background-size":"auto","background-attachment":"scroll","background-type":"","background-media":"","overlay-type":"","overlay-color":"","overlay-opacity":"","overlay-gradient":""},"tablet":{"background-color":"","background-image":"","background-repeat":"repeat","background-position":"center center","background-size":"auto","background-attachment":"scroll","background-type":"","background-media":"","overlay-type":"","overlay-color":"","overlay-opacity":"","overlay-gradient":""},"mobile":{"background-color":"","background-image":"","background-repeat":"repeat","background-position":"center center","background-size":"auto","background-attachment":"scroll","background-type":"","background-media":"","overlay-type":"","overlay-color":"","overlay-opacity":"","overlay-gradient":""}},"ast-content-background-meta":{"desktop":{"background-color":"var(--ast-global-color-5)","background-image":"","background-repeat":"repeat","background-position":"center center","background-size":"auto","background-attachment":"scroll","background-type":"","background-media":"","overlay-type":"","overlay-color":"","overlay-opacity":"","overlay-gradient":""},"tablet":{"background-color":"var(--ast-global-color-5)","background-image":"","background-repeat":"repeat","background-position":"center center","background-size":"auto","background-attachment":"scroll","background-type":"","background-media":"","overlay-type":"","overlay-color":"","overlay-opacity":"","overlay-gradient":""},"mobile":{"background-color":"var(--ast-global-color-5)","background-image":"","background-repeat":"repeat","background-position":"center center","background-size":"auto","background-attachment":"scroll","background-type":"","background-media":"","overlay-type":"","overlay-color":"","overlay-opacity":"","overlay-gradient":""}},"_joinchat":[],"footnotes":""},"class_list":["post-2222","page","type-page","status-publish","hentry"],"_links":{"self":[{"href":"https:\/\/cbadvocats.com\/ca\/wp-json\/wp\/v2\/pages\/2222","targetHints":{"allow":["GET"]}}],"collection":[{"href":"https:\/\/cbadvocats.com\/ca\/wp-json\/wp\/v2\/pages"}],"about":[{"href":"https:\/\/cbadvocats.com\/ca\/wp-json\/wp\/v2\/types\/page"}],"author":[{"embeddable":true,"href":"https:\/\/cbadvocats.com\/ca\/wp-json\/wp\/v2\/users\/1"}],"replies":[{"embeddable":true,"href":"https:\/\/cbadvocats.com\/ca\/wp-json\/wp\/v2\/comments?post=2222"}],"version-history":[{"count":1,"href":"https:\/\/cbadvocats.com\/ca\/wp-json\/wp\/v2\/pages\/2222\/revisions"}],"predecessor-version":[{"id":2223,"href":"https:\/\/cbadvocats.com\/ca\/wp-json\/wp\/v2\/pages\/2222\/revisions\/2223"}],"wp:attachment":[{"href":"https:\/\/cbadvocats.com\/ca\/wp-json\/wp\/v2\/media?parent=2222"}],"curies":[{"name":"wp","href":"https:\/\/api.w.org\/{rel}","templated":true}]}}