{"id":2218,"date":"2025-01-13T17:55:53","date_gmt":"2025-01-13T16:55:53","guid":{"rendered":"https:\/\/cbadvocats.com\/politica-de-privadesa\/"},"modified":"2025-02-27T15:51:34","modified_gmt":"2025-02-27T14:51:34","slug":"politica-de-privadesa","status":"publish","type":"page","link":"https:\/\/cbadvocats.com\/ca\/politica-de-privadesa\/","title":{"rendered":"Pol\u00edtica de privadesa"},"content":{"rendered":"\t\t<div data-elementor-type=\"wp-page\" data-elementor-id=\"2218\" class=\"elementor elementor-2218 elementor-3\" data-elementor-post-type=\"page\">\n\t\t\t\t<div class=\"elementor-element elementor-element-391e898b e-flex e-con-boxed e-con e-parent\" data-id=\"391e898b\" data-element_type=\"container\" data-e-type=\"container\">\n\t\t\t\t\t<div class=\"e-con-inner\">\n\t\t\t\t<div class=\"elementor-element elementor-element-74316693 elementor-widget elementor-widget-text-editor\" data-id=\"74316693\" data-element_type=\"widget\" data-e-type=\"widget\" data-widget_type=\"text-editor.default\">\n\t\t\t\t<div class=\"elementor-widget-container\">\n\t\t\t\t\t\t\t\t\t\n<h1 id='pol\u00edtica-de-privadesa'  id=\"boomdevs_1\"><strong>Pol\u00edtica de privadesa<\/strong><\/h1>\n<p><strong>Tractament de dades<\/strong><\/p>\n<p>Aquesta Pol\u00edtica de Privadesa proporciona informaci\u00f3 a l&#8217;usuari d&#8217;aquest lloc web sobre l&#8217;\u00fas que CB advocats far\u00e0 de les dades personals que es recopilin.<\/p>\n<p>Per aix\u00f2, s&#8217;informa a l&#8217;usuari que el simple acc\u00e9s o navegaci\u00f3 per aquest lloc web no implica que resten autom\u00e0ticament registrades dates que permeten identificar-lo de forma nominativa, concreta o exacta, per\u00f2 el Titular del Lloc Web s\u00ed que recull certa informaci\u00f3. Tot i aix\u00f2, queda gravada en els seus sistemes, per tal de millorar la navegaci\u00f3 de l&#8217;Usuari i la gesti\u00f3 del lloc web. A t\u00edtol enunciatiu, la informaci\u00f3 que el Titular recull i registra al sistema \u00e9s: (i) l&#8217;adre\u00e7a IP des de la qual s&#8217;accedeix a la p\u00e0gina web, (ii) el navegador utilitzat per accedir al Lloc Web o (iii) el sistema operatiu emprat.<\/p>\n<p> <\/p>\n<ul>\n<li style=\"list-style-type: none;\">\n<ul>\n<li><strong>  RESPONSABLE DEL TRACTAMENT DE LES DADES.<\/strong><\/li>\n<li>Titular: LLUIS CASTELL\u00c0 ESCAMILLA<\/li>\n<li>NIF: 38.056.972-E<\/li>\n<li>Domicili Social: C\/Mallorca, 318, 2n 2a<\/li>\n<li>(08037) Barcelona<\/li>\n<li>Tel\u00e8fon de contacte: 93 222 00 72<\/li>\n<li>Email de contacte: <a href=\"mailto:lluiscastellano@cbadvocats.com\">lluiscastellano@cbadvocats.com<\/a><\/li>\n<\/ul>\n<\/li>\n<\/ul>\n<ol>\n<li><strong style=\"font-size: 16px;\">FINALITAT DEL TRACTAMENT.<br><\/strong> Les dades facilitades per l&#8217;Usuari seran utilitzades per CB advocats amb la finalitat de gestionar les sol\u00b7licituds d&#8217;informaci\u00f3 i contractaci\u00f3 de serveis sol\u00b7licitats per l&#8217;Usuari, aix\u00ed com per a la millora de la gesti\u00f3 i la seguretat del Lloc Web. Aix\u00ed mateix, les dades tamb\u00e9 seran utilitzades per informar els usuaris sobre l&#8217;actualitat jur\u00eddica a trav\u00e9s de publicacions, organitzaci\u00f3 de confer\u00e8ncies o altres iniciatives dutes a terme per CB advocats.<br><br><\/li>\n<li><strong style=\"font-size: 16px;\">LEGITIMACI\u00d3 PER AL TRACTAMENT DE LES DADES, CONSERVACI\u00d3 I CONFIDENCIALITAT.<br><\/strong> La base legal per al tractament de les dades de l&#8217;Usuari seran el propi acc\u00e9s i navegaci\u00f3 voluntaris al Lloc Web per part de l&#8217;Usuari, les sol\u00b7licituds d&#8217;informaci\u00f3 sobre continguts o serveis formulades a trav\u00e9s de les diferents vies posades a disposici\u00f3 de l&#8217;Usuari (per exemple, via formulari o email), la contractaci\u00f3 dels serveis oferts pel titular i\/o el compliment dels deures legals a qu\u00e8 queda.<br><br>Les dades seran conservades mentre hi hagi obligacions contractuals derivades de la informaci\u00f3 o serveis sol\u00b7licitats pels usuaris i, posteriorment, fins a l&#8217;extinci\u00f3 de les eventuals responsabilitats legals, contractuals o deontol\u00f2giques que requereixin conservar-les d&#8217;acord amb el que disposen la Llei org\u00e0nica 3\/2018, de 5 de desembre, de protecci\u00f3 de dades personals.<br><br>Les dades de l&#8217;Usuari demanades pel Titular s\u00f3n confidencials i no se cediran a tercers, llevat que hi hagi obligaci\u00f3 legal.<br><br><\/li>\n<li><strong>DRETS DE L&#8217;USUARI.<br><\/strong> L&#8217;Usuari podr\u00e0 exercitar, quan correspongui, els seus drets d&#8217;acc\u00e9s, rectificaci\u00f3, supressi\u00f3, oposici\u00f3, limitaci\u00f3 del tractament, portabilitat i oposici\u00f3 reconeguts als articles 12 a 18 i concordants de la Llei Org\u00e0nica 3\/2018, de 5 de desembre, de Protecci\u00f3 de Dades Personals i garantia dels drets digitals.<br><br>L&#8217;Usuari podr\u00e0 fer valer els seus drets mitjan\u00e7ant un escrit, acompanyat de c\u00f2pia de document oficial que us identifiqui, dirigit a CB advocats, carrer Mallorca, 318, 2n 2a (08037) Barcelona, \u200b\u200boa l&#8217;adre\u00e7a de correu electr\u00f2nic lluiscastellano@cbadvocats.com. Aix\u00ed mateix, podeu presentar una reclamaci\u00f3 davant l&#8217;Ag\u00e8ncia Espanyola de Protecci\u00f3 de Dades.<\/li>\n<\/ol>\n<p> <\/p>\t\t\t\t\t\t\t\t<\/div>\n\t\t\t\t<\/div>\n\t\t\t\t\t<\/div>\n\t\t\t\t<\/div>\n\t\t\t\t<\/div>\n\t\t","protected":false},"excerpt":{"rendered":"<p>Pol\u00edtica de privadesa Tractament de dades Aquesta Pol\u00edtica de Privadesa proporciona informaci\u00f3 a l&#8217;usuari d&#8217;aquest lloc web sobre l&#8217;\u00fas que CB advocats far\u00e0 de les dades personals que es recopilin. Per aix\u00f2, s&#8217;informa a l&#8217;usuari que el simple acc\u00e9s o navegaci\u00f3 per aquest lloc web no implica que resten autom\u00e0ticament registrades dates que permeten identificar-lo [&hellip;]<\/p>\n","protected":false},"author":1,"featured_media":0,"parent":0,"menu_order":0,"comment_status":"closed","ping_status":"closed","template":"","meta":{"site-sidebar-layout":"default","site-content-layout":"","ast-site-content-layout":"","site-content-style":"default","site-sidebar-style":"default","ast-global-header-display":"","ast-banner-title-visibility":"","ast-main-header-display":"","ast-hfb-above-header-display":"","ast-hfb-below-header-display":"","ast-hfb-mobile-header-display":"","site-post-title":"","ast-breadcrumbs-content":"","ast-featured-img":"","footer-sml-layout":"","theme-transparent-header-meta":"","adv-header-id-meta":"","stick-header-meta":"","header-above-stick-meta":"","header-main-stick-meta":"","header-below-stick-meta":"","astra-migrate-meta-layouts":"default","ast-page-background-enabled":"default","ast-page-background-meta":{"desktop":{"background-color":"","background-image":"","background-repeat":"repeat","background-position":"center center","background-size":"auto","background-attachment":"scroll","background-type":"","background-media":"","overlay-type":"","overlay-color":"","overlay-opacity":"","overlay-gradient":""},"tablet":{"background-color":"","background-image":"","background-repeat":"repeat","background-position":"center center","background-size":"auto","background-attachment":"scroll","background-type":"","background-media":"","overlay-type":"","overlay-color":"","overlay-opacity":"","overlay-gradient":""},"mobile":{"background-color":"","background-image":"","background-repeat":"repeat","background-position":"center center","background-size":"auto","background-attachment":"scroll","background-type":"","background-media":"","overlay-type":"","overlay-color":"","overlay-opacity":"","overlay-gradient":""}},"ast-content-background-meta":{"desktop":{"background-color":"var(--ast-global-color-5)","background-image":"","background-repeat":"repeat","background-position":"center center","background-size":"auto","background-attachment":"scroll","background-type":"","background-media":"","overlay-type":"","overlay-color":"","overlay-opacity":"","overlay-gradient":""},"tablet":{"background-color":"var(--ast-global-color-5)","background-image":"","background-repeat":"repeat","background-position":"center center","background-size":"auto","background-attachment":"scroll","background-type":"","background-media":"","overlay-type":"","overlay-color":"","overlay-opacity":"","overlay-gradient":""},"mobile":{"background-color":"var(--ast-global-color-5)","background-image":"","background-repeat":"repeat","background-position":"center center","background-size":"auto","background-attachment":"scroll","background-type":"","background-media":"","overlay-type":"","overlay-color":"","overlay-opacity":"","overlay-gradient":""}},"_joinchat":[],"footnotes":""},"class_list":["post-2218","page","type-page","status-publish","hentry"],"_links":{"self":[{"href":"https:\/\/cbadvocats.com\/ca\/wp-json\/wp\/v2\/pages\/2218","targetHints":{"allow":["GET"]}}],"collection":[{"href":"https:\/\/cbadvocats.com\/ca\/wp-json\/wp\/v2\/pages"}],"about":[{"href":"https:\/\/cbadvocats.com\/ca\/wp-json\/wp\/v2\/types\/page"}],"author":[{"embeddable":true,"href":"https:\/\/cbadvocats.com\/ca\/wp-json\/wp\/v2\/users\/1"}],"replies":[{"embeddable":true,"href":"https:\/\/cbadvocats.com\/ca\/wp-json\/wp\/v2\/comments?post=2218"}],"version-history":[{"count":3,"href":"https:\/\/cbadvocats.com\/ca\/wp-json\/wp\/v2\/pages\/2218\/revisions"}],"predecessor-version":[{"id":2221,"href":"https:\/\/cbadvocats.com\/ca\/wp-json\/wp\/v2\/pages\/2218\/revisions\/2221"}],"wp:attachment":[{"href":"https:\/\/cbadvocats.com\/ca\/wp-json\/wp\/v2\/media?parent=2218"}],"curies":[{"name":"wp","href":"https:\/\/api.w.org\/{rel}","templated":true}]}}